{"id":24,"date":"2016-02-12T08:13:06","date_gmt":"2016-02-12T08:13:06","guid":{"rendered":"http:\/\/demos.famethemes.com\/onepress-plus\/?page_id=24"},"modified":"2023-08-07T15:06:17","modified_gmt":"2023-08-07T13:06:17","slug":"promociones","status":"publish","type":"page","link":"https:\/\/personal.mk\/en\/promociones\/","title":{"rendered":"Promociones"},"content":{"rendered":"<h2 class=\"wp-block-heading has-text-align-center\">Las promociones, como apoyo clave en el crecimiento de tu negocio<\/h2>\n\n\n<div class=\"wp-block-image\">\n<figure class=\"aligncenter size-full\"><img loading=\"lazy\" decoding=\"async\" width=\"696\" height=\"400\" src=\"https:\/\/personal.mk\/wp-content\/uploads\/2023\/08\/tecnicas-de-promocion-de-ventas.jpg\" alt=\"\" class=\"wp-image-1492\"\/><\/figure>\n<\/div>\n\n\n<div style=\"height:100px\" aria-hidden=\"true\" class=\"wp-block-spacer\"><\/div>\n\n\n\n\n\n<div class=\"wp-block-columns is-layout-flex wp-container-core-columns-is-layout-9d6595d7 wp-block-columns-is-layout-flex\">\n<div class=\"wp-block-column is-layout-flow wp-block-column-is-layout-flow\" style=\"flex-basis:32%\">\n<h3 class=\"wp-block-heading has-text-align-center\">PROMOCIONES DE DIFUSI\u00d3N<\/h3>\n\n\n\n<p class=\"has-text-align-center\">Uno de los sectores con m\u00e1s experiencia en la estrategia promocional de apoyo a la<br>venta diaria.<\/p>\n\n\n\n<h3 class=\"wp-block-heading has-text-align-center\">CAT\u00c1LOGOS DE FIDELIZACI\u00d3N<\/h3>\n\n\n\n<p class=\"has-text-align-center\">B\u00fasqueda de productos y puesta en marcha de mec\u00e1nicas de redenci\u00f3n en planes de fidelizaci\u00f3n.<\/p>\n\n\n\n<h3 class=\"wp-block-heading has-text-align-center\">DISE\u00d1OS<\/h3>\n\n\n\n<p class=\"has-text-align-center\">Adem\u00e1s de la fabricaci\u00f3n, te ayudamos en el dise\u00f1o de los productos.<\/p>\n<\/div>\n\n\n\n<div class=\"wp-block-column is-layout-flow wp-block-column-is-layout-flow\" style=\"flex-basis:32%\">\n<h3 class=\"wp-block-heading has-text-align-center\">PROMOCIONES DE VENTA<\/h3>\n\n\n\n<p class=\"has-text-align-center\">Productos y colecciones con objetivos de venta de at\u00edpicos.<\/p>\n\n\n\n<p class=\"has-text-align-center\">Proponemos productos de regalo para los clientes.<\/p>\n\n\n\n<h3 class=\"wp-block-heading has-text-align-center\">COLECCIONES<\/h3>\n\n\n\n<p class=\"has-text-align-center\">Dise\u00f1o y fabricaci\u00f3n de colecciones de ropa enfocadas a la moda.<\/p>\n\n\n\n<p>&nbsp;<\/p>\n<\/div>\n\n\n\n<div class=\"wp-block-column is-layout-flow wp-block-column-is-layout-flow\" style=\"flex-basis:32%\">\n<h3 class=\"wp-block-heading has-text-align-center\">CAT\u00c1LOGOS DE FIDELIZACI\u00d3N<\/h3>\n\n\n\n<p class=\"has-text-align-center\">B\u00fasqueda de productos y puesta en marcha de mec\u00e1nicas de redenci\u00f3n en planes de fidelizaci\u00f3n.<\/p>\n\n\n\n<h3 class=\"wp-block-heading has-text-align-center\">MERCHANDISING<\/h3>\n\n\n\n<p class=\"has-text-align-center\">Proponemos productos de regalo para los clientes.<\/p>\n<\/div>\n<\/div>","protected":false},"excerpt":{"rendered":"<p>REGALO PROMOCIONAL \u00b7 PLANES DE FIDELIZACI\u00d3N \u00b7 COLECCIONES DE MODA<\/p>\n<p>Las promociones, como apoyo clave en el crecimiento de tu negocio<\/p>","protected":false},"author":2,"featured_media":1487,"parent":0,"menu_order":0,"comment_status":"closed","ping_status":"closed","template":"template-fullwidth.php","meta":{"footnotes":""},"class_list":["post-24","page","type-page","status-publish","has-post-thumbnail","hentry"],"yoast_head":"<!-- This site is optimized with the Yoast SEO plugin v22.4 - https:\/\/yoast.com\/wordpress\/plugins\/seo\/ -->\n<title>Promociones - Personal Marketing<\/title>\n<meta name=\"robots\" content=\"index, follow, max-snippet:-1, max-image-preview:large, max-video-preview:-1\" \/>\n<link rel=\"canonical\" href=\"https:\/\/personal.mk\/en\/promociones\/\" \/>\n<meta property=\"og:locale\" content=\"en_GB\" \/>\n<meta property=\"og:type\" content=\"article\" \/>\n<meta property=\"og:title\" content=\"Promociones - Personal Marketing\" \/>\n<meta property=\"og:description\" content=\"REGALO PROMOCIONAL \u00b7 PLANES DE FIDELIZACI\u00d3N \u00b7 COLECCIONES DE MODA Las promociones, como apoyo clave en el crecimiento de tu negocio\" \/>\n<meta property=\"og:url\" content=\"https:\/\/personal.mk\/en\/promociones\/\" \/>\n<meta property=\"og:site_name\" content=\"Personal Marketing\" \/>\n<meta property=\"article:publisher\" content=\"https:\/\/www.facebook.com\/infante.personal.marketing\" \/>\n<meta property=\"article:modified_time\" content=\"2023-08-07T13:06:17+00:00\" \/>\n<meta property=\"og:image\" content=\"https:\/\/personal.mk\/wp-content\/uploads\/2023\/08\/promociones-2.jpeg\" \/>\n\t<meta property=\"og:image:width\" content=\"1024\" \/>\n\t<meta property=\"og:image:height\" content=\"626\" \/>\n\t<meta property=\"og:image:type\" content=\"image\/jpeg\" \/>\n<meta name=\"twitter:card\" content=\"summary_large_image\" \/>\n<meta name=\"twitter:label1\" content=\"Estimated reading time\" \/>\n\t<meta name=\"twitter:data1\" content=\"1 minute\" \/>\n<script type=\"application\/ld+json\" class=\"yoast-schema-graph\">{\"@context\":\"https:\/\/schema.org\",\"@graph\":[{\"@type\":\"WebPage\",\"@id\":\"https:\/\/personal.mk\/en\/promociones\/\",\"url\":\"https:\/\/personal.mk\/en\/promociones\/\",\"name\":\"Promociones - Personal Marketing\",\"isPartOf\":{\"@id\":\"https:\/\/personal.mk\/en\/#website\"},\"primaryImageOfPage\":{\"@id\":\"https:\/\/personal.mk\/en\/promociones\/#primaryimage\"},\"image\":{\"@id\":\"https:\/\/personal.mk\/en\/promociones\/#primaryimage\"},\"thumbnailUrl\":\"https:\/\/personal.mk\/wp-content\/uploads\/2023\/08\/promociones-2.jpeg\",\"datePublished\":\"2016-02-12T08:13:06+00:00\",\"dateModified\":\"2023-08-07T13:06:17+00:00\",\"breadcrumb\":{\"@id\":\"https:\/\/personal.mk\/en\/promociones\/#breadcrumb\"},\"inLanguage\":\"en-GB\",\"potentialAction\":[{\"@type\":\"ReadAction\",\"target\":[\"https:\/\/personal.mk\/en\/promociones\/\"]}]},{\"@type\":\"ImageObject\",\"inLanguage\":\"en-GB\",\"@id\":\"https:\/\/personal.mk\/en\/promociones\/#primaryimage\",\"url\":\"https:\/\/personal.mk\/wp-content\/uploads\/2023\/08\/promociones-2.jpeg\",\"contentUrl\":\"https:\/\/personal.mk\/wp-content\/uploads\/2023\/08\/promociones-2.jpeg\",\"width\":1024,\"height\":626},{\"@type\":\"BreadcrumbList\",\"@id\":\"https:\/\/personal.mk\/en\/promociones\/#breadcrumb\",\"itemListElement\":[{\"@type\":\"ListItem\",\"position\":1,\"name\":\"Portada\",\"item\":\"https:\/\/personal.mk\/en\/\"},{\"@type\":\"ListItem\",\"position\":2,\"name\":\"Promociones\"}]},{\"@type\":\"WebSite\",\"@id\":\"https:\/\/personal.mk\/en\/#website\",\"url\":\"https:\/\/personal.mk\/en\/\",\"name\":\"Personal Marketing\",\"description\":\"\",\"publisher\":{\"@id\":\"https:\/\/personal.mk\/en\/#organization\"},\"potentialAction\":[{\"@type\":\"SearchAction\",\"target\":{\"@type\":\"EntryPoint\",\"urlTemplate\":\"https:\/\/personal.mk\/en\/?s={search_term_string}\"},\"query-input\":\"required name=search_term_string\"}],\"inLanguage\":\"en-GB\"},{\"@type\":\"Organization\",\"@id\":\"https:\/\/personal.mk\/en\/#organization\",\"name\":\"Personal Marketing\",\"url\":\"https:\/\/personal.mk\/en\/\",\"logo\":{\"@type\":\"ImageObject\",\"inLanguage\":\"en-GB\",\"@id\":\"https:\/\/personal.mk\/en\/#\/schema\/logo\/image\/\",\"url\":\"https:\/\/personal.mk\/wp-content\/uploads\/2023\/07\/cropped-logo-personal-marketing_220x56-1.png\",\"contentUrl\":\"https:\/\/personal.mk\/wp-content\/uploads\/2023\/07\/cropped-logo-personal-marketing_220x56-1.png\",\"width\":100,\"height\":56,\"caption\":\"Personal Marketing\"},\"image\":{\"@id\":\"https:\/\/personal.mk\/en\/#\/schema\/logo\/image\/\"},\"sameAs\":[\"https:\/\/www.facebook.com\/infante.personal.marketing\"]}]}<\/script>\n<!-- \/ Yoast SEO plugin. -->","yoast_head_json":{"title":"Promociones - Personal Marketing","robots":{"index":"index","follow":"follow","max-snippet":"max-snippet:-1","max-image-preview":"max-image-preview:large","max-video-preview":"max-video-preview:-1"},"canonical":"https:\/\/personal.mk\/en\/promociones\/","og_locale":"en_GB","og_type":"article","og_title":"Promociones - Personal Marketing","og_description":"REGALO PROMOCIONAL \u00b7 PLANES DE FIDELIZACI\u00d3N \u00b7 COLECCIONES DE MODA Las promociones, como apoyo clave en el crecimiento de tu negocio","og_url":"https:\/\/personal.mk\/en\/promociones\/","og_site_name":"Personal Marketing","article_publisher":"https:\/\/www.facebook.com\/infante.personal.marketing","article_modified_time":"2023-08-07T13:06:17+00:00","og_image":[{"width":1024,"height":626,"url":"https:\/\/personal.mk\/wp-content\/uploads\/2023\/08\/promociones-2.jpeg","type":"image\/jpeg"}],"twitter_card":"summary_large_image","twitter_misc":{"Estimated reading time":"1 minute"},"schema":{"@context":"https:\/\/schema.org","@graph":[{"@type":"WebPage","@id":"https:\/\/personal.mk\/en\/promociones\/","url":"https:\/\/personal.mk\/en\/promociones\/","name":"Promociones - Personal Marketing","isPartOf":{"@id":"https:\/\/personal.mk\/en\/#website"},"primaryImageOfPage":{"@id":"https:\/\/personal.mk\/en\/promociones\/#primaryimage"},"image":{"@id":"https:\/\/personal.mk\/en\/promociones\/#primaryimage"},"thumbnailUrl":"https:\/\/personal.mk\/wp-content\/uploads\/2023\/08\/promociones-2.jpeg","datePublished":"2016-02-12T08:13:06+00:00","dateModified":"2023-08-07T13:06:17+00:00","breadcrumb":{"@id":"https:\/\/personal.mk\/en\/promociones\/#breadcrumb"},"inLanguage":"en-GB","potentialAction":[{"@type":"ReadAction","target":["https:\/\/personal.mk\/en\/promociones\/"]}]},{"@type":"ImageObject","inLanguage":"en-GB","@id":"https:\/\/personal.mk\/en\/promociones\/#primaryimage","url":"https:\/\/personal.mk\/wp-content\/uploads\/2023\/08\/promociones-2.jpeg","contentUrl":"https:\/\/personal.mk\/wp-content\/uploads\/2023\/08\/promociones-2.jpeg","width":1024,"height":626},{"@type":"BreadcrumbList","@id":"https:\/\/personal.mk\/en\/promociones\/#breadcrumb","itemListElement":[{"@type":"ListItem","position":1,"name":"Portada","item":"https:\/\/personal.mk\/en\/"},{"@type":"ListItem","position":2,"name":"Promociones"}]},{"@type":"WebSite","@id":"https:\/\/personal.mk\/en\/#website","url":"https:\/\/personal.mk\/en\/","name":"Personal Marketing","description":"","publisher":{"@id":"https:\/\/personal.mk\/en\/#organization"},"potentialAction":[{"@type":"SearchAction","target":{"@type":"EntryPoint","urlTemplate":"https:\/\/personal.mk\/en\/?s={search_term_string}"},"query-input":"required name=search_term_string"}],"inLanguage":"en-GB"},{"@type":"Organization","@id":"https:\/\/personal.mk\/en\/#organization","name":"Personal Marketing","url":"https:\/\/personal.mk\/en\/","logo":{"@type":"ImageObject","inLanguage":"en-GB","@id":"https:\/\/personal.mk\/en\/#\/schema\/logo\/image\/","url":"https:\/\/personal.mk\/wp-content\/uploads\/2023\/07\/cropped-logo-personal-marketing_220x56-1.png","contentUrl":"https:\/\/personal.mk\/wp-content\/uploads\/2023\/07\/cropped-logo-personal-marketing_220x56-1.png","width":100,"height":56,"caption":"Personal Marketing"},"image":{"@id":"https:\/\/personal.mk\/en\/#\/schema\/logo\/image\/"},"sameAs":["https:\/\/www.facebook.com\/infante.personal.marketing"]}]}},"_links":{"self":[{"href":"https:\/\/personal.mk\/en\/wp-json\/wp\/v2\/pages\/24","targetHints":{"allow":["GET"]}}],"collection":[{"href":"https:\/\/personal.mk\/en\/wp-json\/wp\/v2\/pages"}],"about":[{"href":"https:\/\/personal.mk\/en\/wp-json\/wp\/v2\/types\/page"}],"author":[{"embeddable":true,"href":"https:\/\/personal.mk\/en\/wp-json\/wp\/v2\/users\/2"}],"replies":[{"embeddable":true,"href":"https:\/\/personal.mk\/en\/wp-json\/wp\/v2\/comments?post=24"}],"version-history":[{"count":11,"href":"https:\/\/personal.mk\/en\/wp-json\/wp\/v2\/pages\/24\/revisions"}],"predecessor-version":[{"id":1501,"href":"https:\/\/personal.mk\/en\/wp-json\/wp\/v2\/pages\/24\/revisions\/1501"}],"wp:featuredmedia":[{"embeddable":true,"href":"https:\/\/personal.mk\/en\/wp-json\/wp\/v2\/media\/1487"}],"wp:attachment":[{"href":"https:\/\/personal.mk\/en\/wp-json\/wp\/v2\/media?parent=24"}],"curies":[{"name":"wp","href":"https:\/\/api.w.org\/{rel}","templated":true}]}}